{"id":5759,"date":"2023-07-29T07:11:17","date_gmt":"2023-07-29T04:11:17","guid":{"rendered":"https:\/\/bulgalingua.bg\/vertalingen\/"},"modified":"2025-11-25T13:18:32","modified_gmt":"2025-11-25T11:18:32","slug":"vertalingen","status":"publish","type":"page","link":"https:\/\/www.bulgalingua.eu\/nl\/vertalingen\/","title":{"rendered":"Vertalingen"},"content":{"rendered":"\t\t<div data-elementor-type=\"wp-page\" data-elementor-id=\"5759\" class=\"elementor elementor-5759 elementor-4387\" data-elementor-post-type=\"page\">\n\t\t\t\t<div class=\"elementor-element elementor-element-236fed4f e-flex e-con-boxed e-con e-parent\" data-id=\"236fed4f\" data-element_type=\"container\" data-e-type=\"container\">\n\t\t\t\t\t<div class=\"e-con-inner\">\n\t\t\t\t<div class=\"elementor-element elementor-element-5697600 elementor-widget elementor-widget-spacer\" data-id=\"5697600\" data-element_type=\"widget\" data-e-type=\"widget\" data-widget_type=\"spacer.default\">\n\t\t\t\t<div class=\"elementor-widget-container\">\n\t\t\t\t\t\t\t<div class=\"elementor-spacer\">\n\t\t\t<div class=\"elementor-spacer-inner\"><\/div>\n\t\t<\/div>\n\t\t\t\t\t\t<\/div>\n\t\t\t\t<\/div>\n\t\t\t\t<div class=\"elementor-element elementor-element-16db177 elementor-widget elementor-widget-heading\" data-id=\"16db177\" data-element_type=\"widget\" data-e-type=\"widget\" data-widget_type=\"heading.default\">\n\t\t\t\t<div class=\"elementor-widget-container\">\n\t\t\t\t\t<h2 class=\"elementor-heading-title elementor-size-default\">Vertalingen<\/h2>\t\t\t\t<\/div>\n\t\t\t\t<\/div>\n\t\t\t\t<div class=\"elementor-element elementor-element-6acb5d6a elementor-widget elementor-widget-text-editor\" data-id=\"6acb5d6a\" data-element_type=\"widget\" data-e-type=\"widget\" data-widget_type=\"text-editor.default\">\n\t\t\t\t<div class=\"elementor-widget-container\">\n\t\t\t\t\t\t\t\t\tBen je op zoek naar nauwkeurige en professionele vertalingen van\/naar het Nederlands, Engels, Russisch en Bulgaars? Zoek niet verder! Uitgerust met expertise en passie voor talen is BulgaLingua uw betrouwbare partner voor vertaaldiensten van hoge kwaliteit.\n\nMet een schat aan ervaring in het Engels en Russisch beschikt Radka over diepgaande kennis en inzicht om uw teksten meesterlijk te vertalen. Omdat ze bovendien meer dan 22 jaar in Nederland heeft gewoond en gewerkt en vloeiend Nederlands spreekt, is ze de perfecte brug tussen culturen en talen. \n\nDankzij de brede taalondersteuning van BulgaLingua, met name in het Nederlands, Bulgaars, Engels en Russisch, kunnen we in grote mate voorzien in uw uiteenlopende vertaalbehoeften.\n\nBulgaLingua biedt een breed scala aan vertaaldiensten om aan al uw eisen te voldoen, waaronder:\n<ul>\n \t<li>Vertalingen van juridische documenten (notaris, politie, rechtbank, verzekering, enz.)<\/li>\n \t<li>Vertalingen van medische documenten (documenten van ziekenhuisadministratie, ontslagpapieren, onderzoeken, enz.)<\/li>\n \t<li>Vertalingen van documenten en formulieren van de overheid<\/li>\n<\/ul>\nWe behandelen alle documenten met de grootste zorg en aandacht.\n\nWat maakt BulgaLingua echt anders? Onze toegevoegde waarde ligt in onze toegankelijkheid voor zowel particulieren als bedrijven. We begrijpen dat elk project uniek is en daarom zijn klantgerichtheid en betrokkenheid van het grootste belang.\n\nWe erkennen het belang van foutloze teksten, niet alleen vanuit commercieel oogpunt maar ook voor het effectief overbrengen van een boodschap aan een divers publiek. Daarom streven we ernaar om uw teksten met de hoogste kwaliteit te vertalen met behoud van de oorspronkelijke betekenis en bedoeling.\n\nBulgaLingua&#8217;s proces voor schriftelijke vertalingen kan worden gestart via het aanvraagformulier op de website, e-mail, bericht en\/of telefoontje. Je kunt een kopie van je document(en) opsturen in Microsoft Word-, Txt- en\/of Pdf-formaat of een scan van je document. Je vertaling wordt je per e-mail toegestuurd in pdf-formaat. BulgaLingua kan alleen documenten accepteren die leesbaar en duidelijk te lezen zijn. Scans van handgeschreven teksten moeten van hoge kwaliteit zijn. \t\t\t\t\t\t\t\t<\/div>\n\t\t\t\t<\/div>\n\t\t\t\t\t<\/div>\n\t\t\t\t<\/div>\n\t\t<div class=\"elementor-element elementor-element-7d93cf5 e-flex e-con-boxed e-con e-parent\" data-id=\"7d93cf5\" data-element_type=\"container\" data-e-type=\"container\">\n\t\t\t\t\t<div class=\"e-con-inner\">\n\t\t<div class=\"elementor-element elementor-element-f978a8d e-con-full e-flex e-con e-child\" data-id=\"f978a8d\" data-element_type=\"container\" data-e-type=\"container\">\n\t\t\t\t<div class=\"elementor-element elementor-element-a78b744 elementor-widget elementor-widget-heading\" data-id=\"a78b744\" data-element_type=\"widget\" data-e-type=\"widget\" data-widget_type=\"heading.default\">\n\t\t\t\t<div class=\"elementor-widget-container\">\n\t\t\t\t\t<h2 class=\"elementor-heading-title elementor-size-default\">Vertalingen<\/h2>\t\t\t\t<\/div>\n\t\t\t\t<\/div>\n\t\t\t\t<div class=\"elementor-element elementor-element-4148143 elementor-widget elementor-widget-text-editor\" data-id=\"4148143\" data-element_type=\"widget\" data-e-type=\"widget\" data-widget_type=\"text-editor.default\">\n\t\t\t\t<div class=\"elementor-widget-container\">\n\t\t\t\t\t\t\t\t\t<ul style=\"font-size: 18px; background-color: #ffffff;\"><li style=\"font-size: 18px;\">BulgaLingua kan vertalingen verzorgen voor de volgende documenten.<\/li><li style=\"font-size: 18px;\">Documenten van de overheid, zoals brieven, certificaten, diploma&#8217;s, formulieren en gemeentelijke documenten.<\/li><li style=\"font-size: 18px;\">Juridische documenten, waaronder strafbladen, identiteitsdocumenten, paspoorten, rijbewijzen en notari\u00eble documenten.<\/li><li style=\"font-size: 18px;\">Commerci\u00eble documenten, zoals contracten, financi\u00eble en andere commerci\u00eble documenten.<\/li><li style=\"font-size: 18px;\">Medische en technische documenten.<br>Staat uw specifieke document er niet bij? Neem dan contact met ons op via het contactformulier.<\/li><\/ul>\t\t\t\t\t\t\t\t<\/div>\n\t\t\t\t<\/div>\n\t\t\t\t<\/div>\n\t\t<div class=\"elementor-element elementor-element-1449a5e e-con-full e-flex e-con e-child\" data-id=\"1449a5e\" data-element_type=\"container\" data-e-type=\"container\">\n\t\t\t\t<div class=\"elementor-element elementor-element-dda4291 elementor-widget elementor-widget-heading\" data-id=\"dda4291\" data-element_type=\"widget\" data-e-type=\"widget\" data-widget_type=\"heading.default\">\n\t\t\t\t<div class=\"elementor-widget-container\">\n\t\t\t\t\t<h2 class=\"elementor-heading-title elementor-size-default\">Leveringsopties<\/h2>\t\t\t\t<\/div>\n\t\t\t\t<\/div>\n\t\t\t\t<div class=\"elementor-element elementor-element-abbc24c elementor-widget elementor-widget-text-editor\" data-id=\"abbc24c\" data-element_type=\"widget\" data-e-type=\"widget\" data-widget_type=\"text-editor.default\">\n\t\t\t\t<div class=\"elementor-widget-container\">\n\t\t\t\t\t\t\t\t\t<ul style=\"font-size: 18px; background-color: #ffffff;\">\n \t<li style=\"font-size: 18px;\">Standaard: van 1 tot 5 vertaalde pagina&#8217;s binnen 3 tot 5 werkdagen.<\/li>\n \t<li style=\"font-size: 18px;\">Express: tot 10 vertaalde pagina&#8217;s binnen 1 werkdag.<\/li>\n \t<li style=\"font-size: 18px;\">Aangepast: neem voor aangepaste vereisten, inclusief be\u00ebdigde vertalingen en apostille, telefonisch contact met ons op.<\/li>\n<\/ul>\t\t\t\t\t\t\t\t<\/div>\n\t\t\t\t<\/div>\n\t\t\t\t<\/div>\n\t\t\t\t\t<\/div>\n\t\t\t\t<\/div>\n\t\t<div class=\"elementor-element elementor-element-9440463 e-flex e-con-boxed e-con e-parent\" data-id=\"9440463\" data-element_type=\"container\" data-e-type=\"container\">\n\t\t\t\t\t<div class=\"e-con-inner\">\n\t\t\t\t<div class=\"elementor-element elementor-element-09a89e5 elementor-widget elementor-widget-heading\" data-id=\"09a89e5\" data-element_type=\"widget\" data-e-type=\"widget\" data-widget_type=\"heading.default\">\n\t\t\t\t<div class=\"elementor-widget-container\">\n\t\t\t\t\t<h2 class=\"elementor-heading-title elementor-size-default\">Let op de vereisten voor alle bovenstaande opties:<\/h2>\t\t\t\t<\/div>\n\t\t\t\t<\/div>\n\t\t\t\t<div class=\"elementor-element elementor-element-e14aea8 elementor-widget elementor-widget-text-editor\" data-id=\"e14aea8\" data-element_type=\"widget\" data-e-type=\"widget\" data-widget_type=\"text-editor.default\">\n\t\t\t\t<div class=\"elementor-widget-container\">\n\t\t\t\t\t\t\t\t\t<ul><li><strong>Documenten die vertaald moeten worden, moeten uiterlijk om 24:00 uur, \u00e9\u00e9n dag van tevoren worden ingediend, de verwerking begint op de eerste werkdag.  <\/strong><\/li><li><strong>Volgens de Bulgaarse vertaalstandaard is 1 vertaalpagina gelijk aan 1800 tekens, inclusief spaties.  <\/strong><\/li><li><strong>De ingediende documenten moeten leesbaar zijn, scans van handgeschreven teksten moeten van hoge kwaliteit zijn.<\/strong><\/li><\/ul>\t\t\t\t\t\t\t\t<\/div>\n\t\t\t\t<\/div>\n\t\t\t\t\t<\/div>\n\t\t\t\t<\/div>\n\t\t<div class=\"elementor-element elementor-element-261a600 e-flex e-con-boxed e-con e-parent\" data-id=\"261a600\" data-element_type=\"container\" data-e-type=\"container\">\n\t\t\t\t\t<div class=\"e-con-inner\">\n\t\t<div class=\"elementor-element elementor-element-1858153 e-con-full e-flex e-con e-child\" data-id=\"1858153\" data-element_type=\"container\" data-e-type=\"container\">\n\t\t\t\t<div class=\"elementor-element elementor-element-a652305 elementor-widget elementor-widget-heading\" data-id=\"a652305\" data-element_type=\"widget\" data-e-type=\"widget\" data-widget_type=\"heading.default\">\n\t\t\t\t<div class=\"elementor-widget-container\">\n\t\t\t\t\t<h2 class=\"elementor-heading-title elementor-size-default\">Bestellingen en betaling<\/h2>\t\t\t\t<\/div>\n\t\t\t\t<\/div>\n\t\t\t\t<div class=\"elementor-element elementor-element-783b4d8 elementor-widget elementor-widget-text-editor\" data-id=\"783b4d8\" data-element_type=\"widget\" data-e-type=\"widget\" data-widget_type=\"text-editor.default\">\n\t\t\t\t<div class=\"elementor-widget-container\">\n\t\t\t\t\t\t\t\t\t<ul style=\"font-size: 18px; background-color: #ffffff;\"><li><strong style=\"background-color: transparent;\">Offerte nodig?  <\/strong><span style=\"background-color: transparent;\">Stuur ons gewoon een e-mail &#8211; we helpen je graag!<\/span><\/li><li style=\"font-size: 18px;\">De betaling moet vooraf worden gedaan<\/li><\/ul>\t\t\t\t\t\t\t\t<\/div>\n\t\t\t\t<\/div>\n\t\t\t\t<\/div>\n\t\t<div class=\"elementor-element elementor-element-f2e1fa0 e-con-full e-flex e-con e-child\" data-id=\"f2e1fa0\" data-element_type=\"container\" data-e-type=\"container\">\n\t\t\t\t<div class=\"elementor-element elementor-element-54e44eb elementor-widget elementor-widget-heading\" data-id=\"54e44eb\" data-element_type=\"widget\" data-e-type=\"widget\" data-widget_type=\"heading.default\">\n\t\t\t\t<div class=\"elementor-widget-container\">\n\t\t\t\t\t<h2 class=\"elementor-heading-title elementor-size-default\">Prijslijst<\/h2>\t\t\t\t<\/div>\n\t\t\t\t<\/div>\n\t\t\t\t<div class=\"elementor-element elementor-element-15b8ef6 elementor-widget elementor-widget-text-editor\" data-id=\"15b8ef6\" data-element_type=\"widget\" data-e-type=\"widget\" data-widget_type=\"text-editor.default\">\n\t\t\t\t<div class=\"elementor-widget-container\">\n\t\t\t\t\t\t\t\t\t<ul style=\"font-size: 18px; background-color: #ffffff;\"><li style=\"font-size: 18px;\">Raadpleeg de Prijslijst voor prijzen en levertijden.<\/li><\/ul>\t\t\t\t\t\t\t\t<\/div>\n\t\t\t\t<\/div>\n\t\t\t\t<\/div>\n\t\t\t\t\t<\/div>\n\t\t\t\t<\/div>\n\t\t<div class=\"elementor-element elementor-element-f7f5030 e-flex e-con-boxed e-con e-parent\" data-id=\"f7f5030\" data-element_type=\"container\" data-e-type=\"container\">\n\t\t\t\t\t<div class=\"e-con-inner\">\n\t\t<div class=\"elementor-element elementor-element-30cf881 e-con-full e-flex e-con e-child\" data-id=\"30cf881\" data-element_type=\"container\" data-e-type=\"container\">\n\t\t\t\t<div class=\"elementor-element elementor-element-4a0a804 elementor-align-center elementor-invisible elementor-widget elementor-widget-button\" data-id=\"4a0a804\" data-element_type=\"widget\" data-e-type=\"widget\" data-settings=\"{&quot;_animation&quot;:&quot;zoomIn&quot;}\" data-widget_type=\"button.default\">\n\t\t\t\t<div class=\"elementor-widget-container\">\n\t\t\t\t\t\t\t\t\t<div class=\"elementor-button-wrapper\">\n\t\t\t\t\t<a class=\"elementor-button elementor-button-link elementor-size-sm\" href=\"https:\/\/www.bulgalingua.eu\/nl\/alle-prijzen\/\">\n\t\t\t\t\t\t<span class=\"elementor-button-content-wrapper\">\n\t\t\t\t\t\t\t\t\t<span class=\"elementor-button-text\">Prijslijst<\/span>\n\t\t\t\t\t<\/span>\n\t\t\t\t\t<\/a>\n\t\t\t\t<\/div>\n\t\t\t\t\t\t\t\t<\/div>\n\t\t\t\t<\/div>\n\t\t\t\t<\/div>\n\t\t\t\t\t<\/div>\n\t\t\t\t<\/div>\n\t\t\t\t<\/div>\n\t\t","protected":false},"excerpt":{"rendered":"<p>Vertalingen Ben je op zoek naar nauwkeurige en professionele vertalingen van\/naar het Nederlands, Engels, Russisch en Bulgaars? Zoek niet verder!&#8230;<\/p>\n","protected":false},"author":1,"featured_media":0,"parent":0,"menu_order":0,"comment_status":"closed","ping_status":"closed","template":"","meta":{"inline_featured_image":false,"footnotes":""},"class_list":["post-5759","page","type-page","status-publish","hentry"],"_links":{"self":[{"href":"https:\/\/www.bulgalingua.eu\/nl\/wp-json\/wp\/v2\/pages\/5759","targetHints":{"allow":["GET"]}}],"collection":[{"href":"https:\/\/www.bulgalingua.eu\/nl\/wp-json\/wp\/v2\/pages"}],"about":[{"href":"https:\/\/www.bulgalingua.eu\/nl\/wp-json\/wp\/v2\/types\/page"}],"author":[{"embeddable":true,"href":"https:\/\/www.bulgalingua.eu\/nl\/wp-json\/wp\/v2\/users\/1"}],"replies":[{"embeddable":true,"href":"https:\/\/www.bulgalingua.eu\/nl\/wp-json\/wp\/v2\/comments?post=5759"}],"version-history":[{"count":13,"href":"https:\/\/www.bulgalingua.eu\/nl\/wp-json\/wp\/v2\/pages\/5759\/revisions"}],"predecessor-version":[{"id":7911,"href":"https:\/\/www.bulgalingua.eu\/nl\/wp-json\/wp\/v2\/pages\/5759\/revisions\/7911"}],"wp:attachment":[{"href":"https:\/\/www.bulgalingua.eu\/nl\/wp-json\/wp\/v2\/media?parent=5759"}],"curies":[{"name":"wp","href":"https:\/\/api.w.org\/{rel}","templated":true}]}}